{"id":419,"date":"2026-04-07T09:00:11","date_gmt":"2026-04-07T09:00:11","guid":{"rendered":"https:\/\/checkmk1.deideasmarketing.solutions\/?page_id=419"},"modified":"2026-04-17T11:28:01","modified_gmt":"2026-04-17T11:28:01","slug":"videotutoriales-checkmk-formacion-tobeit","status":"publish","type":"page","link":"https:\/\/checkmk.tobeit.es\/en\/videotutoriales-checkmk-formacion-tobeit\/","title":{"rendered":"Videotutorials"},"content":{"rendered":"","protected":false},"excerpt":{"rendered":"","protected":false},"author":1,"featured_media":0,"parent":0,"menu_order":0,"comment_status":"closed","ping_status":"closed","template":"templates\/dms-template-videotutoriales.php","meta":{"_acf_changed":false,"inline_featured_image":false,"footnotes":""},"class_list":["post-419","page","type-page","status-publish","hentry"],"acf":[],"yoast_head":"<!-- This site is optimized with the Yoast SEO plugin v27.4 - https:\/\/yoast.com\/product\/yoast-seo-wordpress\/ -->\n<title>Videotutoriales | Centro de Formaci\u00f3n Checkmk ToBeIT<\/title>\n<meta name=\"description\" content=\"Videotutoriales de Checkmk con ToBeIT: formaci\u00f3n t\u00e9cnica para dominar la monitorizaci\u00f3n IT, desde instalaci\u00f3n hasta arquitecturas avanzadas.\" \/>\n<meta name=\"robots\" content=\"noindex, follow\" \/>\n<meta property=\"og:locale\" content=\"en_GB\" \/>\n<meta property=\"og:type\" content=\"article\" \/>\n<meta property=\"og:title\" content=\"Videotutoriales | Centro de Formaci\u00f3n Checkmk ToBeIT\" \/>\n<meta property=\"og:description\" content=\"Videotutoriales de Checkmk con ToBeIT: formaci\u00f3n t\u00e9cnica para dominar la monitorizaci\u00f3n IT, desde instalaci\u00f3n hasta arquitecturas avanzadas.\" \/>\n<meta property=\"og:url\" content=\"https:\/\/checkmk.tobeit.es\/en\/videotutoriales-checkmk-formacion-tobeit\/\" \/>\n<meta property=\"og:site_name\" content=\"checkmk_dms\" \/>\n<meta property=\"article:modified_time\" content=\"2026-04-17T11:28:01+00:00\" \/>\n<meta name=\"twitter:card\" content=\"summary_large_image\" \/>\n<script type=\"application\/ld+json\" class=\"yoast-schema-graph\">{\"@context\":\"https:\\\/\\\/schema.org\",\"@graph\":[{\"@type\":\"WebPage\",\"@id\":\"https:\\\/\\\/checkmk.tobeit.es\\\/videotutoriales-checkmk-formacion-tobeit\\\/\",\"url\":\"https:\\\/\\\/checkmk.tobeit.es\\\/videotutoriales-checkmk-formacion-tobeit\\\/\",\"name\":\"Videotutoriales | Centro de Formaci\u00f3n Checkmk ToBeIT\",\"isPartOf\":{\"@id\":\"https:\\\/\\\/checkmk.tobeit.es\\\/#website\"},\"datePublished\":\"2026-04-07T09:00:11+00:00\",\"dateModified\":\"2026-04-17T11:28:01+00:00\",\"description\":\"Videotutoriales de Checkmk con ToBeIT: formaci\u00f3n t\u00e9cnica para dominar la monitorizaci\u00f3n IT, desde instalaci\u00f3n hasta arquitecturas avanzadas.\",\"breadcrumb\":{\"@id\":\"https:\\\/\\\/checkmk.tobeit.es\\\/videotutoriales-checkmk-formacion-tobeit\\\/#breadcrumb\"},\"inLanguage\":\"en-GB\",\"potentialAction\":[{\"@type\":\"ReadAction\",\"target\":[\"https:\\\/\\\/checkmk.tobeit.es\\\/videotutoriales-checkmk-formacion-tobeit\\\/\"]}]},{\"@type\":\"BreadcrumbList\",\"@id\":\"https:\\\/\\\/checkmk.tobeit.es\\\/videotutoriales-checkmk-formacion-tobeit\\\/#breadcrumb\",\"itemListElement\":[{\"@type\":\"ListItem\",\"position\":1,\"name\":\"Portada\",\"item\":\"https:\\\/\\\/checkmk.tobeit.es\\\/\"},{\"@type\":\"ListItem\",\"position\":2,\"name\":\"Videotutoriales\"}]},{\"@type\":\"WebSite\",\"@id\":\"https:\\\/\\\/checkmk.tobeit.es\\\/#website\",\"url\":\"https:\\\/\\\/checkmk.tobeit.es\\\/\",\"name\":\"checkmk_dms\",\"description\":\"\",\"potentialAction\":[{\"@type\":\"SearchAction\",\"target\":{\"@type\":\"EntryPoint\",\"urlTemplate\":\"https:\\\/\\\/checkmk.tobeit.es\\\/?s={search_term_string}\"},\"query-input\":{\"@type\":\"PropertyValueSpecification\",\"valueRequired\":true,\"valueName\":\"search_term_string\"}}],\"inLanguage\":\"en-GB\"}]}<\/script>\n<!-- \/ Yoast SEO plugin. -->","yoast_head_json":{"title":"Videotutoriales | Centro de Formaci\u00f3n Checkmk ToBeIT","description":"Videotutoriales de Checkmk con ToBeIT: formaci\u00f3n t\u00e9cnica para dominar la monitorizaci\u00f3n IT, desde instalaci\u00f3n hasta arquitecturas avanzadas.","robots":{"index":"noindex","follow":"follow"},"og_locale":"en_GB","og_type":"article","og_title":"Videotutoriales | Centro de Formaci\u00f3n Checkmk ToBeIT","og_description":"Videotutoriales de Checkmk con ToBeIT: formaci\u00f3n t\u00e9cnica para dominar la monitorizaci\u00f3n IT, desde instalaci\u00f3n hasta arquitecturas avanzadas.","og_url":"https:\/\/checkmk.tobeit.es\/en\/videotutoriales-checkmk-formacion-tobeit\/","og_site_name":"checkmk_dms","article_modified_time":"2026-04-17T11:28:01+00:00","twitter_card":"summary_large_image","schema":{"@context":"https:\/\/schema.org","@graph":[{"@type":"WebPage","@id":"https:\/\/checkmk.tobeit.es\/videotutoriales-checkmk-formacion-tobeit\/","url":"https:\/\/checkmk.tobeit.es\/videotutoriales-checkmk-formacion-tobeit\/","name":"Videotutoriales | Centro de Formaci\u00f3n Checkmk ToBeIT","isPartOf":{"@id":"https:\/\/checkmk.tobeit.es\/#website"},"datePublished":"2026-04-07T09:00:11+00:00","dateModified":"2026-04-17T11:28:01+00:00","description":"Videotutoriales de Checkmk con ToBeIT: formaci\u00f3n t\u00e9cnica para dominar la monitorizaci\u00f3n IT, desde instalaci\u00f3n hasta arquitecturas avanzadas.","breadcrumb":{"@id":"https:\/\/checkmk.tobeit.es\/videotutoriales-checkmk-formacion-tobeit\/#breadcrumb"},"inLanguage":"en-GB","potentialAction":[{"@type":"ReadAction","target":["https:\/\/checkmk.tobeit.es\/videotutoriales-checkmk-formacion-tobeit\/"]}]},{"@type":"BreadcrumbList","@id":"https:\/\/checkmk.tobeit.es\/videotutoriales-checkmk-formacion-tobeit\/#breadcrumb","itemListElement":[{"@type":"ListItem","position":1,"name":"Portada","item":"https:\/\/checkmk.tobeit.es\/"},{"@type":"ListItem","position":2,"name":"Videotutoriales"}]},{"@type":"WebSite","@id":"https:\/\/checkmk.tobeit.es\/#website","url":"https:\/\/checkmk.tobeit.es\/","name":"checkmk_dms","description":"","potentialAction":[{"@type":"SearchAction","target":{"@type":"EntryPoint","urlTemplate":"https:\/\/checkmk.tobeit.es\/?s={search_term_string}"},"query-input":{"@type":"PropertyValueSpecification","valueRequired":true,"valueName":"search_term_string"}}],"inLanguage":"en-GB"}]}},"_links":{"self":[{"href":"https:\/\/checkmk.tobeit.es\/en\/wp-json\/wp\/v2\/pages\/419","targetHints":{"allow":["GET"]}}],"collection":[{"href":"https:\/\/checkmk.tobeit.es\/en\/wp-json\/wp\/v2\/pages"}],"about":[{"href":"https:\/\/checkmk.tobeit.es\/en\/wp-json\/wp\/v2\/types\/page"}],"author":[{"embeddable":true,"href":"https:\/\/checkmk.tobeit.es\/en\/wp-json\/wp\/v2\/users\/1"}],"replies":[{"embeddable":true,"href":"https:\/\/checkmk.tobeit.es\/en\/wp-json\/wp\/v2\/comments?post=419"}],"version-history":[{"count":30,"href":"https:\/\/checkmk.tobeit.es\/en\/wp-json\/wp\/v2\/pages\/419\/revisions"}],"predecessor-version":[{"id":561,"href":"https:\/\/checkmk.tobeit.es\/en\/wp-json\/wp\/v2\/pages\/419\/revisions\/561"}],"wp:attachment":[{"href":"https:\/\/checkmk.tobeit.es\/en\/wp-json\/wp\/v2\/media?parent=419"}],"curies":[{"name":"wp","href":"https:\/\/api.w.org\/{rel}","templated":true}]}}