{"id":3,"date":"2026-03-30T06:37:33","date_gmt":"2026-03-30T06:37:33","guid":{"rendered":"https:\/\/checkmk1.deideasmarketing.solutions\/?page_id=3"},"modified":"2026-04-17T11:03:09","modified_gmt":"2026-04-17T11:03:09","slug":"home","status":"publish","type":"page","link":"https:\/\/checkmk.tobeit.es\/en\/","title":{"rendered":"Home"},"content":{"rendered":"","protected":false},"excerpt":{"rendered":"","protected":false},"author":1,"featured_media":0,"parent":0,"menu_order":0,"comment_status":"closed","ping_status":"closed","template":"templates\/dms-template-home.php","meta":{"_acf_changed":false,"inline_featured_image":false,"footnotes":""},"class_list":["post-3","page","type-page","status-publish","hentry"],"acf":[],"yoast_head":"<!-- This site is optimized with the Yoast SEO plugin v27.4 - https:\/\/yoast.com\/product\/yoast-seo-wordpress\/ -->\n<title>ToBeIT: Checkmk Platinum Partner<\/title>\n<meta name=\"description\" content=\"Partner oficial de Checkmk. Monitorizaci\u00f3n IT avanzada, automatizada y escalable para infraestructuras cr\u00edticas. Solicita informaci\u00f3n.\" \/>\n<meta name=\"robots\" content=\"noindex, follow\" \/>\n<meta property=\"og:locale\" content=\"en_GB\" \/>\n<meta property=\"og:type\" content=\"article\" \/>\n<meta property=\"og:title\" content=\"ToBeIT: Checkmk Platinum Partner\" \/>\n<meta property=\"og:description\" content=\"Partner oficial de Checkmk. Monitorizaci\u00f3n IT avanzada, automatizada y escalable para infraestructuras cr\u00edticas. Solicita informaci\u00f3n.\" \/>\n<meta property=\"og:url\" content=\"https:\/\/checkmk.tobeit.es\/en\/\" \/>\n<meta property=\"og:site_name\" content=\"checkmk_dms\" \/>\n<meta property=\"article:modified_time\" content=\"2026-04-17T11:03:09+00:00\" \/>\n<meta name=\"twitter:card\" content=\"summary_large_image\" \/>\n<script type=\"application\/ld+json\" class=\"yoast-schema-graph\">{\"@context\":\"https:\\\/\\\/schema.org\",\"@graph\":[{\"@type\":\"WebPage\",\"@id\":\"https:\\\/\\\/checkmk.tobeit.es\\\/\",\"url\":\"https:\\\/\\\/checkmk.tobeit.es\\\/\",\"name\":\"ToBeIT: Checkmk Platinum Partner\",\"isPartOf\":{\"@id\":\"https:\\\/\\\/checkmk.tobeit.es\\\/#website\"},\"datePublished\":\"2026-03-30T06:37:33+00:00\",\"dateModified\":\"2026-04-17T11:03:09+00:00\",\"description\":\"Partner oficial de Checkmk. Monitorizaci\u00f3n IT avanzada, automatizada y escalable para infraestructuras cr\u00edticas. Solicita informaci\u00f3n.\",\"breadcrumb\":{\"@id\":\"https:\\\/\\\/checkmk.tobeit.es\\\/#breadcrumb\"},\"inLanguage\":\"en-GB\",\"potentialAction\":[{\"@type\":\"ReadAction\",\"target\":[\"https:\\\/\\\/checkmk.tobeit.es\\\/\"]}]},{\"@type\":\"BreadcrumbList\",\"@id\":\"https:\\\/\\\/checkmk.tobeit.es\\\/#breadcrumb\",\"itemListElement\":[{\"@type\":\"ListItem\",\"position\":1,\"name\":\"Portada\",\"item\":\"https:\\\/\\\/checkmk.tobeit.es\\\/\"},{\"@type\":\"ListItem\",\"position\":2,\"name\":\"Home\"}]},{\"@type\":\"WebSite\",\"@id\":\"https:\\\/\\\/checkmk.tobeit.es\\\/#website\",\"url\":\"https:\\\/\\\/checkmk.tobeit.es\\\/\",\"name\":\"checkmk_dms\",\"description\":\"\",\"potentialAction\":[{\"@type\":\"SearchAction\",\"target\":{\"@type\":\"EntryPoint\",\"urlTemplate\":\"https:\\\/\\\/checkmk.tobeit.es\\\/?s={search_term_string}\"},\"query-input\":{\"@type\":\"PropertyValueSpecification\",\"valueRequired\":true,\"valueName\":\"search_term_string\"}}],\"inLanguage\":\"en-GB\"}]}<\/script>\n<!-- \/ Yoast SEO plugin. -->","yoast_head_json":{"title":"ToBeIT: Checkmk Platinum Partner","description":"Partner oficial de Checkmk. Monitorizaci\u00f3n IT avanzada, automatizada y escalable para infraestructuras cr\u00edticas. Solicita informaci\u00f3n.","robots":{"index":"noindex","follow":"follow"},"og_locale":"en_GB","og_type":"article","og_title":"ToBeIT: Checkmk Platinum Partner","og_description":"Partner oficial de Checkmk. Monitorizaci\u00f3n IT avanzada, automatizada y escalable para infraestructuras cr\u00edticas. Solicita informaci\u00f3n.","og_url":"https:\/\/checkmk.tobeit.es\/en\/","og_site_name":"checkmk_dms","article_modified_time":"2026-04-17T11:03:09+00:00","twitter_card":"summary_large_image","schema":{"@context":"https:\/\/schema.org","@graph":[{"@type":"WebPage","@id":"https:\/\/checkmk.tobeit.es\/","url":"https:\/\/checkmk.tobeit.es\/","name":"ToBeIT: Checkmk Platinum Partner","isPartOf":{"@id":"https:\/\/checkmk.tobeit.es\/#website"},"datePublished":"2026-03-30T06:37:33+00:00","dateModified":"2026-04-17T11:03:09+00:00","description":"Partner oficial de Checkmk. Monitorizaci\u00f3n IT avanzada, automatizada y escalable para infraestructuras cr\u00edticas. Solicita informaci\u00f3n.","breadcrumb":{"@id":"https:\/\/checkmk.tobeit.es\/#breadcrumb"},"inLanguage":"en-GB","potentialAction":[{"@type":"ReadAction","target":["https:\/\/checkmk.tobeit.es\/"]}]},{"@type":"BreadcrumbList","@id":"https:\/\/checkmk.tobeit.es\/#breadcrumb","itemListElement":[{"@type":"ListItem","position":1,"name":"Portada","item":"https:\/\/checkmk.tobeit.es\/"},{"@type":"ListItem","position":2,"name":"Home"}]},{"@type":"WebSite","@id":"https:\/\/checkmk.tobeit.es\/#website","url":"https:\/\/checkmk.tobeit.es\/","name":"checkmk_dms","description":"","potentialAction":[{"@type":"SearchAction","target":{"@type":"EntryPoint","urlTemplate":"https:\/\/checkmk.tobeit.es\/?s={search_term_string}"},"query-input":{"@type":"PropertyValueSpecification","valueRequired":true,"valueName":"search_term_string"}}],"inLanguage":"en-GB"}]}},"_links":{"self":[{"href":"https:\/\/checkmk.tobeit.es\/en\/wp-json\/wp\/v2\/pages\/3","targetHints":{"allow":["GET"]}}],"collection":[{"href":"https:\/\/checkmk.tobeit.es\/en\/wp-json\/wp\/v2\/pages"}],"about":[{"href":"https:\/\/checkmk.tobeit.es\/en\/wp-json\/wp\/v2\/types\/page"}],"author":[{"embeddable":true,"href":"https:\/\/checkmk.tobeit.es\/en\/wp-json\/wp\/v2\/users\/1"}],"replies":[{"embeddable":true,"href":"https:\/\/checkmk.tobeit.es\/en\/wp-json\/wp\/v2\/comments?post=3"}],"version-history":[{"count":50,"href":"https:\/\/checkmk.tobeit.es\/en\/wp-json\/wp\/v2\/pages\/3\/revisions"}],"predecessor-version":[{"id":700,"href":"https:\/\/checkmk.tobeit.es\/en\/wp-json\/wp\/v2\/pages\/3\/revisions\/700"}],"wp:attachment":[{"href":"https:\/\/checkmk.tobeit.es\/en\/wp-json\/wp\/v2\/media?parent=3"}],"curies":[{"name":"wp","href":"https:\/\/api.w.org\/{rel}","templated":true}]}}